{"id":345,"date":"2016-12-19T09:43:21","date_gmt":"2016-12-19T09:43:21","guid":{"rendered":"http:\/\/bv-doelitz-online.de\/?page_id=345"},"modified":"2016-12-19T09:43:21","modified_gmt":"2016-12-19T09:43:21","slug":"rundgaenge-in-doelitz","status":"publish","type":"page","link":"https:\/\/bv-doelitz-online.de\/?page_id=345","title":{"rendered":"Rundg\u00e4nge in D\u00f6litz"},"content":{"rendered":"<div><strong><span style=\"font-size: medium;\">Historische F\u00fchrungen mit der D\u00f6litzerin Urte Grauwinkel<\/span><\/strong><\/div>\n<div>&nbsp;<\/div>\n<div><span style=\"color: #808080;\"><span style=\"color: #550000; font-family: Times New Roman;\"><span style=\"color: #000000;\"><span style=\"color: #ff0000;\"><span style=\"font-size: medium;\"><span style=\"color: #0000ff;\"><span style=\"color: #fc0012;\">&nbsp;<\/span><\/span><span style=\"color: #0000ff;\"><span style=\"font-family: Arial;\"><span style=\"color: #550000;\"><span style=\"color: #000000; font-family: Arial;\">Spazierg\u00e4nge durch D\u00f6litz 1813 <\/span><\/span><\/span><\/span><\/span><\/span><\/span><\/span><\/span><span style=\"color: #808080;\"><span style=\"color: #ff0000;\"><span style=\"color: #0000ff;\"><span style=\"color: #000000;\"><span style=\"color: #550000;\"><span style=\"color: #000000; font-family: Arial; font-size: medium;\">unter verschiedenen Themen\/Bestandteilen: <\/span><\/span><\/span><\/span><\/span><\/span><\/div>\n<div>&nbsp;<\/div>\n<div><span style=\"color: #ff0000;\"><span style=\"color: #0000ff;\"><span style=\"color: #000000;\"><span style=\"font-family: Arial;\"><span style=\"color: #550000; font-family: Times New Roman;\"><span style=\"color: #550000;\"><span style=\"font-size: medium;\"><span style=\"color: #000000; font-family: Arial;\">&#8211; als&nbsp;Schlossherrin Johanna von Winckler<\/span> <\/span><\/span><\/span><\/span><\/span><\/span><\/span><\/div>\n<div><span style=\"color: #ff0000;\"><span style=\"color: #000000;\"><span style=\"font-size: medium;\"><span style=\"color: #000000; font-family: Arial;\">&#8211;<\/span> <span style=\"font-family: Arial;\">&nbsp;historische Ortsrundg\u00e4nge<\/span><\/span><\/span><\/span><\/div>\n<div><span style=\"color: #000000; font-family: Arial; font-size: medium;\">&#8211; Besuch im Historischen Zinnfigurenmuseum<\/span><\/div>\n<div><span style=\"color: #000000; font-family: Arial; font-size: medium;\">&#8211; Besuch im D\u00f6litz-Zimmer im Torhaus D\u00f6litz<\/span><\/div>\n<div>&nbsp;<\/div>\n<div><span style=\"color: #ff0000;\"><span style=\"color: #0000ff;\"><span style=\"color: #000000;\"><span style=\"font-family: Arial;\"><span style=\"color: #550000; font-family: Times New Roman;\"><span style=\"color: #550000;\"><span style=\"font-size: medium;\"><span style=\"color: #000000; font-family: Arial;\">Die Rundg\u00e4nge finden auf kurzen Wegen statt, sind barrierefrei , sind miteinander kombinierbar und man kann sie gut ausklingen lassen bei einem <\/span><span style=\"color: #000000; font-family: Arial;\">Besuch&nbsp;in den nahe gelegenen Gastst\u00e4tten wie der Spreewaldsch\u00e4nke. So sind&nbsp; sie auch f\u00fcr Familienfeiern, Klassentreffen etc. geeignet.<\/span><\/span><\/span><\/span><\/span><\/span><\/span><\/span><\/div>\n<p><span style=\"color: #000000; font-size: medium;\">jederzeit auf Anfrage unter 0157 &#8211; 369 755 50 <\/span><\/p>\n<p><span style=\"font-size: medium;\"><span style=\"color: #000000;\">Treffpunkt: Torhaus D\u00f6litz, <\/span>Helenenstr. , 04279 Leipzig <\/span><\/p>\n<p><span style=\"color: #000000; font-size: medium;\">Stra\u00dfenbahnlinie 11, Haltestelle Leinestra\u00dfe <\/span><\/p>\n<p>&nbsp;<\/p>\n","protected":false},"excerpt":{"rendered":"<p>Historische F\u00fchrungen mit der D\u00f6litzerin Urte Grauwinkel &nbsp; &nbsp;Spazierg\u00e4nge durch D\u00f6litz 1813 unter verschiedenen Themen\/Bestandteilen: &nbsp; &#8211; als&nbsp;Schlossherrin Johanna von Winckler &#8211; &nbsp;historische Ortsrundg\u00e4nge &#8211; Besuch im Historischen Zinnfigurenmuseum &#8211; Besuch im D\u00f6litz-Zimmer im Torhaus D\u00f6litz &nbsp; Die Rundg\u00e4nge finden auf kurzen Wegen statt, sind barrierefrei , sind miteinander kombinierbar und man kann sie gut<\/p>\n<div class=\"more-link\">\n\t\t\t\t <a href=\"https:\/\/bv-doelitz-online.de\/?page_id=345\" class=\"link-btn theme-btn\"><span>Weiterlesen <\/span> <i class=\"fa fa-caret-right\"><\/i><\/a>\n\t\t\t<\/div>\n","protected":false},"author":1,"featured_media":0,"parent":0,"menu_order":0,"comment_status":"closed","ping_status":"closed","template":"","meta":{"footnotes":""},"class_list":["post-345","page","type-page","status-publish","hentry"],"_links":{"self":[{"href":"https:\/\/bv-doelitz-online.de\/index.php?rest_route=\/wp\/v2\/pages\/345","targetHints":{"allow":["GET"]}}],"collection":[{"href":"https:\/\/bv-doelitz-online.de\/index.php?rest_route=\/wp\/v2\/pages"}],"about":[{"href":"https:\/\/bv-doelitz-online.de\/index.php?rest_route=\/wp\/v2\/types\/page"}],"author":[{"embeddable":true,"href":"https:\/\/bv-doelitz-online.de\/index.php?rest_route=\/wp\/v2\/users\/1"}],"replies":[{"embeddable":true,"href":"https:\/\/bv-doelitz-online.de\/index.php?rest_route=%2Fwp%2Fv2%2Fcomments&post=345"}],"version-history":[{"count":1,"href":"https:\/\/bv-doelitz-online.de\/index.php?rest_route=\/wp\/v2\/pages\/345\/revisions"}],"predecessor-version":[{"id":347,"href":"https:\/\/bv-doelitz-online.de\/index.php?rest_route=\/wp\/v2\/pages\/345\/revisions\/347"}],"wp:attachment":[{"href":"https:\/\/bv-doelitz-online.de\/index.php?rest_route=%2Fwp%2Fv2%2Fmedia&parent=345"}],"curies":[{"name":"wp","href":"https:\/\/api.w.org\/{rel}","templated":true}]}}