{"id":25,"date":"2016-12-06T17:27:06","date_gmt":"2016-12-06T17:27:06","guid":{"rendered":"http:\/\/bv-doelitz-online.de\/?page_id=25"},"modified":"2023-06-27T11:12:31","modified_gmt":"2023-06-27T11:12:31","slug":"wir-ueber-uns","status":"publish","type":"page","link":"https:\/\/bv-doelitz-online.de\/?page_id=25","title":{"rendered":"Wir \u00fcber uns"},"content":{"rendered":"<h1>Wof\u00fcr wir uns engagieren :<\/h1>\n\n<table id=\"tablepress-1\" class=\"tablepress tablepress-id-1\">\n<tbody class=\"row-hover\">\n<tr class=\"row-1 odd\">\n\t<td class=\"column-1\">Der B\u00fcrgerverein D\u00f6litz e.V. <br \/>\nversteht sich als Interessenvertretung der hier lebenden und arbeitenden Menschen. Wir wollen D\u00f6litz zu seinem Vorteil ver\u00e4ndern. Daf\u00fcr engagieren wir uns an den Brennpunkten vor Ort. <br \/>\n- Wir bieten Menschen die M\u00f6glichkeit f\u00fcr b\u00fcrgerschaftliches Engagement, f\u00fcr B\u00fcrgerbeteiligung und Initiative. <br \/>\n- Wir haben ein Mitspracherecht bei der Agra-Konzeption bei der Stadt Leipzig eingefordert und formulieren die Forderungen der D\u00f6litzer f\u00fcr Park und Messegel\u00e4nde . <br \/>\n<\/td><td class=\"column-2\"><img decoding=\"async\" src=\"http:\/\/bv-doelitz-online.de\/wp-content\/uploads\/2016\/12\/bvd-flyer-aktuell-06-03_2_0007-300x208.jpg\" alt=\"bvd-flyer-aktuell-06-03_2_0007\" width=\"300\" height=\"208\" class=\"alignnone size-medium wp-image-48\" srcset=\"https:\/\/bv-doelitz-online.de\/wp-content\/uploads\/2016\/12\/bvd-flyer-aktuell-06-03_2_0007-300x208.jpg 300w, https:\/\/bv-doelitz-online.de\/wp-content\/uploads\/2016\/12\/bvd-flyer-aktuell-06-03_2_0007.jpg 386w\" sizes=\"(max-width: 300px) 100vw, 300px\" \/><br \/>\n<\/td>\n<\/tr>\n<tr class=\"row-2 even\">\n\t<td class=\"column-1\"><img decoding=\"async\" src=\"http:\/\/bv-doelitz-online.de\/wp-content\/uploads\/2016\/12\/IMG_4338-300x225.jpg\" alt=\"img_4338\" width=\"300\" height=\"225\" class=\"alignnone size-medium wp-image-51\" srcset=\"https:\/\/bv-doelitz-online.de\/wp-content\/uploads\/2016\/12\/IMG_4338-300x225.jpg 300w, https:\/\/bv-doelitz-online.de\/wp-content\/uploads\/2016\/12\/IMG_4338-768x576.jpg 768w, https:\/\/bv-doelitz-online.de\/wp-content\/uploads\/2016\/12\/IMG_4338-1024x768.jpg 1024w, https:\/\/bv-doelitz-online.de\/wp-content\/uploads\/2016\/12\/IMG_4338.jpg 2048w\" sizes=\"(max-width: 300px) 100vw, 300px\" \/><br \/>\n<br \/>\n<\/td><td class=\"column-2\">- Wir k\u00e4mpfen f\u00fcr Verkehrssicherheit f\u00fcr Fu\u00dfg\u00e4nger und Radfahrer am Goethesteig. <br \/>\n- Wir wollen das historische Ortsbild erhalten und forschen in der bewegten Geschichte. <br \/>\n- Wir bieten kulturelle Veranstaltungen. <br \/>\n- Wir suchen den Kontakt mit den ans\u00e4ssigen Vereinen, Initiativen und  mit den Gewerbetreibenden und wollen Ressourcen b\u00fcndeln und st\u00e4rken. <br \/>\n- Wir wollen alle Generationen zur Beteiligung am Vereinsleben einladen, weil jede Altersgruppe ihre Sichtweise hat und einbringen kann. <\/td>\n<\/tr>\n<\/tbody>\n<\/table>\n<!-- #tablepress-1 from cache -->\n<p>Download des Beitrittsformulars:\u00a0<a href=\"http:\/\/bv-doelitz-online.de\/wp-content\/uploads\/2016\/12\/Mitgliedsantrag.pdf\">Mitgliedsantrag<\/a><\/p>\n","protected":false},"excerpt":{"rendered":"<p>Wof\u00fcr wir uns engagieren : Download des Beitrittsformulars:\u00a0Mitgliedsantrag<\/p>\n","protected":false},"author":1,"featured_media":0,"parent":0,"menu_order":0,"comment_status":"closed","ping_status":"closed","template":"","meta":{"footnotes":""},"class_list":["post-25","page","type-page","status-publish","hentry"],"_links":{"self":[{"href":"https:\/\/bv-doelitz-online.de\/index.php?rest_route=\/wp\/v2\/pages\/25","targetHints":{"allow":["GET"]}}],"collection":[{"href":"https:\/\/bv-doelitz-online.de\/index.php?rest_route=\/wp\/v2\/pages"}],"about":[{"href":"https:\/\/bv-doelitz-online.de\/index.php?rest_route=\/wp\/v2\/types\/page"}],"author":[{"embeddable":true,"href":"https:\/\/bv-doelitz-online.de\/index.php?rest_route=\/wp\/v2\/users\/1"}],"replies":[{"embeddable":true,"href":"https:\/\/bv-doelitz-online.de\/index.php?rest_route=%2Fwp%2Fv2%2Fcomments&post=25"}],"version-history":[{"count":15,"href":"https:\/\/bv-doelitz-online.de\/index.php?rest_route=\/wp\/v2\/pages\/25\/revisions"}],"predecessor-version":[{"id":752,"href":"https:\/\/bv-doelitz-online.de\/index.php?rest_route=\/wp\/v2\/pages\/25\/revisions\/752"}],"wp:attachment":[{"href":"https:\/\/bv-doelitz-online.de\/index.php?rest_route=%2Fwp%2Fv2%2Fmedia&parent=25"}],"curies":[{"name":"wp","href":"https:\/\/api.w.org\/{rel}","templated":true}]}}