{"id":17,"date":"2016-12-06T17:19:06","date_gmt":"2016-12-06T17:19:06","guid":{"rendered":"http:\/\/bv-doelitz-online.de\/?page_id=17"},"modified":"2024-03-31T22:58:03","modified_gmt":"2024-03-31T22:58:03","slug":"satzung","status":"publish","type":"page","link":"https:\/\/bv-doelitz-online.de\/?page_id=17","title":{"rendered":"Kontakt"},"content":{"rendered":"<p><strong><span style=\"font-family: Arial;\">Wir sind erreichbar :<\/span><\/strong><\/p>\n<p><span style=\"font-family: Arial;\">per e-mail:\u00a0\u00a0\u00a0\u00a0\u00a0\u00a0\u00a0\u00a0\u00a0\u00a0\u00a0 <\/span><a><span style=\"color: #000000; font-family: Arial;\">Info@bv-doelitz-online.de<\/span><\/a><\/p>\n<p>Facebook:\u00a0\u00a0\u00a0\u00a0\u00a0\u00a0\u00a0\u00a0\u00a0\u00a0 <a href=\"http:\/\/www.facebook.com\/BVDoelitz\"><span style=\"color: #0066cc;\">http:\/\/www.facebook.com\/BVDoelitz<\/span><\/a><\/p>\n<p><span style=\"font-family: Arial;\">postalisch:\u00a0\u00a0\u00a0\u00a0\u00a0\u00a0\u00a0\u00a0\u00a0\u00a0 B\u00fcrgerverein D\u00f6litz e. V.<br \/>c\/o Helenenstr. 28<br \/>04279 Leipzig <\/span><\/p>\n<p><span style=\"font-family: Arial;\">per Telefon:\u00a0\u00a0\u00a0\u00a0\u00a0\u00a0\u00a0\u00a0\u00a00341\u00a022 81 501 und 0179 4732149<\/span><\/p>\n<p>pers\u00f6nlicher Ansprechpartner : Sabine Winkelmann (Bitte um telefonische Vereinbarung)<\/p>\n<p><strong><span style=\"font-family: Arial;\">Vorstand:\u00a0\u00a0\u00a0\u00a0\u00a0\u00a0\u00a0\u00a0\u00a0<\/span><\/strong><\/p>\n<ul>\n<li><span style=\"font-family: Arial;\">Prof. Dr. Sabine Winkelmann<\/span><strong><span style=\"font-family: Arial;\">\u00a0 (<\/span><\/strong><span style=\"font-family: Arial;\">Vorsitzende)<\/span><\/li>\n<li><span style=\"font-family: Arial;\">Eva Kirchhof (stellvertretende\u00a0\u00a0Vorsitzende)<\/span><\/li>\n<li><span style=\"font-family: Arial;\">Beate Herrmann (Schatzmeisterin)<\/span><\/li>\n<\/ul>\n<p><strong><span style=\"font-family: Arial;\">Beisitzer\/innen:\u00a0<\/span><\/strong><\/p>\n<ul>\n<li><span style=\"font-family: Arial;\">Daniela Klippel<\/span><\/li>\n<li><span style=\"font-family: Arial;\">Jan Naumann<\/span><\/li>\n<li><span style=\"font-family: Arial;\"> Ekkehard Schulreich<\/span><\/li>\n<li>Konrad Diebler<\/li>\n<\/ul>\n<p><strong><em><span style=\"font-family: Arial;\">Unterst\u00fctzung tut gut<\/span><\/em><\/strong><\/p>\n<p><span style=\"font-family: Arial;\">Unser Verein \/ Unsere Organisation lebt von den Mitgliedern. Wir sind angewiesen auf aktive Mitglieder, die sich f\u00fcr unsere Ziele engagieren. Wenn Sie Ihre Erfahrung, Ihr Wissen und K\u00f6nnen gerne einbringen m\u00f6chten, freuen wir uns \u00fcber Ihre Mitgliedschaft. <\/span><\/p>\n<p><b><span style=\"font-family: Arial;\">F\u00fcr unsere zahlreichen <\/span><\/b><b><span style=\"font-family: Arial;\">ehrgeizigen Projekte<\/span><\/b><span style=\"font-family: Arial;\">, wie z. B. den <\/span><b><span style=\"font-family: Arial;\">Naturerfahrungsraum D\u00f6litzer Kinderreich &#8211; <\/span><\/b><span style=\"font-family: Arial;\">die Spielplatzidee f\u00fcr die agra, an der wir derzeit aktiv arbeiten, brauchen wir (auch spendenfreudige) Unterst\u00fctzung <\/span><\/p>\n<p><span style=\"font-family: Arial;\">Unser Konto:<\/span><\/p>\n<p><span style=\"font-family: Arial;\">\u00a0Stadt- und Kreissparkasse Leipzig<\/span><\/p>\n<p><span style=\"font-family: Arial;\"><br \/>IBAN DE45 860555921100493111 <\/span><\/p>\n<p><span style=\"font-family: Arial;\">BIC WELADE8LXXX<\/span><\/p>\n<p><span style=\"font-family: Arial;\"><br \/>Konto: 1100493111<br \/>Bankleitzahl: 860 555 92 <\/span><\/p>\n\n\n<p><\/p>\n\n\n\n<h2 class=\"wp-block-heading\"><\/h2>\n","protected":false},"excerpt":{"rendered":"<p>Wir sind erreichbar : per e-mail:\u00a0\u00a0\u00a0\u00a0\u00a0\u00a0\u00a0\u00a0\u00a0\u00a0\u00a0 Info@bv-doelitz-online.de Facebook:\u00a0\u00a0\u00a0\u00a0\u00a0\u00a0\u00a0\u00a0\u00a0\u00a0 http:\/\/www.facebook.com\/BVDoelitz postalisch:\u00a0\u00a0\u00a0\u00a0\u00a0\u00a0\u00a0\u00a0\u00a0\u00a0 B\u00fcrgerverein D\u00f6litz e. V.c\/o Helenenstr. 2804279 Leipzig per Telefon:\u00a0\u00a0\u00a0\u00a0\u00a0\u00a0\u00a0\u00a0\u00a00341\u00a022 81 501 und 0179 4732149 pers\u00f6nlicher Ansprechpartner : Sabine Winkelmann (Bitte um telefonische Vereinbarung) Vorstand:\u00a0\u00a0\u00a0\u00a0\u00a0\u00a0\u00a0\u00a0\u00a0 Prof. Dr. Sabine Winkelmann\u00a0 (Vorsitzende) Eva Kirchhof (stellvertretende\u00a0\u00a0Vorsitzende) Beate Herrmann (Schatzmeisterin) Beisitzer\/innen:\u00a0 Daniela Klippel Jan Naumann Ekkehard Schulreich Konrad Diebler Unterst\u00fctzung<\/p>\n<div class=\"more-link\">\n\t\t\t\t <a href=\"https:\/\/bv-doelitz-online.de\/?page_id=17\" class=\"link-btn theme-btn\"><span>Weiterlesen <\/span> <i class=\"fa fa-caret-right\"><\/i><\/a>\n\t\t\t<\/div>\n","protected":false},"author":1,"featured_media":0,"parent":0,"menu_order":0,"comment_status":"closed","ping_status":"closed","template":"","meta":{"footnotes":""},"class_list":["post-17","page","type-page","status-publish","hentry"],"_links":{"self":[{"href":"https:\/\/bv-doelitz-online.de\/index.php?rest_route=\/wp\/v2\/pages\/17","targetHints":{"allow":["GET"]}}],"collection":[{"href":"https:\/\/bv-doelitz-online.de\/index.php?rest_route=\/wp\/v2\/pages"}],"about":[{"href":"https:\/\/bv-doelitz-online.de\/index.php?rest_route=\/wp\/v2\/types\/page"}],"author":[{"embeddable":true,"href":"https:\/\/bv-doelitz-online.de\/index.php?rest_route=\/wp\/v2\/users\/1"}],"replies":[{"embeddable":true,"href":"https:\/\/bv-doelitz-online.de\/index.php?rest_route=%2Fwp%2Fv2%2Fcomments&post=17"}],"version-history":[{"count":7,"href":"https:\/\/bv-doelitz-online.de\/index.php?rest_route=\/wp\/v2\/pages\/17\/revisions"}],"predecessor-version":[{"id":785,"href":"https:\/\/bv-doelitz-online.de\/index.php?rest_route=\/wp\/v2\/pages\/17\/revisions\/785"}],"wp:attachment":[{"href":"https:\/\/bv-doelitz-online.de\/index.php?rest_route=%2Fwp%2Fv2%2Fmedia&parent=17"}],"curies":[{"name":"wp","href":"https:\/\/api.w.org\/{rel}","templated":true}]}}