{"id":15,"date":"2016-12-06T17:46:20","date_gmt":"2016-12-06T17:46:20","guid":{"rendered":"http:\/\/bv-doelitz-online.de\/?page_id=15"},"modified":"2024-08-18T20:18:08","modified_gmt":"2024-08-18T20:18:08","slug":"startseite","status":"publish","type":"page","link":"https:\/\/bv-doelitz-online.de\/","title":{"rendered":"Startseite"},"content":{"rendered":"\n<p><span style=\"font-family: Arial; font-size: large;\">Herzlich willkommen auf der Seite des&nbsp;<\/span><\/p>\n\n\n\n<p><b><span style=\"font-family: Arial; font-size: xx-large;\">B\u00fcrgerverein D\u00f6litz e.V . <\/span><\/b><\/p>\n\n\n\n<p><span style=\"font-family: Arial; font-size: large;\">Im April 2004 haben wir unseren B\u00fcrgerverein gegr\u00fcndet. Inzwischen sind&nbsp;32 D\u00f6litzer\/innen und Sympathisanten dabei. Erfreulich&nbsp;ist die Mischung von alt eingesessenen und neu zugezogenen&nbsp;&nbsp;Familien. <\/span><span style=\"font-family: Arial; font-size: large;\">Wir sind anerkannter Tr\u00e4ger \u00f6ffentlicher Belange. Mitglied kann jede\/r&nbsp;werden. <\/span><b><span style=\"font-family: Arial; font-size: large;\">Wir laden alle herzlich <\/span><\/b><b><span style=\"font-family: Arial; font-size: large;\">dazu ein, die sich mit <\/span><\/b><b><span style=\"font-family: Arial; font-size: large;\">uns engagieren wollen. <\/span><\/b><\/p>\n\n\n\n<p><b><span style=\"font-family: Arial; font-size: large;\">Der Mitgliedsbeitrag <\/span><\/b><span style=\"font-family: Arial; font-size: large;\">betr\u00e4gt monatlich 2,00 \u20ac f\u00fcr Einzelpersonen und 3,00 \u20ac f\u00fcr Paare.&nbsp;<\/span><span style=\"color: #ff6600;\">&nbsp;<\/span><\/p>\n\n\n\n<h1 class=\"wp-block-heading\"><strong>Aktuell:<\/strong><\/h1>\n\n\n\n<p>Endlich eine aktuelle Informationstafel f\u00fcr die agra am Eingang Goethesteig Juli 2024:<\/p>\n\n\n\n<figure class=\"wp-block-image size-full is-resized\"><img decoding=\"async\" width=\"750\" height=\"1000\" src=\"http:\/\/bv-doelitz-online.de\/wp-content\/uploads\/2024\/08\/IMG_20240723_163952_resized_20240723_111313272.jpg\" alt=\"\" class=\"wp-image-896\" style=\"width:194px;height:auto\" srcset=\"https:\/\/bv-doelitz-online.de\/wp-content\/uploads\/2024\/08\/IMG_20240723_163952_resized_20240723_111313272.jpg 750w, https:\/\/bv-doelitz-online.de\/wp-content\/uploads\/2024\/08\/IMG_20240723_163952_resized_20240723_111313272-225x300.jpg 225w\" sizes=\"(max-width: 750px) 100vw, 750px\" \/><\/figure>\n\n\n\n<figure class=\"wp-block-image size-full is-resized\"><img decoding=\"async\" width=\"750\" height=\"1000\" src=\"http:\/\/bv-doelitz-online.de\/wp-content\/uploads\/2024\/08\/IMG_20240723_161624_resized_20240723_111634829.jpg\" alt=\"\" class=\"wp-image-897\" style=\"width:193px;height:auto\" srcset=\"https:\/\/bv-doelitz-online.de\/wp-content\/uploads\/2024\/08\/IMG_20240723_161624_resized_20240723_111634829.jpg 750w, https:\/\/bv-doelitz-online.de\/wp-content\/uploads\/2024\/08\/IMG_20240723_161624_resized_20240723_111634829-225x300.jpg 225w\" sizes=\"(max-width: 750px) 100vw, 750px\" \/><\/figure>\n\n\n\n<p>Einweihung der Balancierstrecke im Kinderreich D\u00f6litz Juli 2024:<\/p>\n\n\n\n<p><\/p>\n\n\n\n<figure class=\"wp-block-image size-full\"><img decoding=\"async\" width=\"952\" height=\"300\" src=\"http:\/\/bv-doelitz-online.de\/wp-content\/uploads\/2024\/08\/Balnciergeraet3.jpg\" alt=\"\" class=\"wp-image-903\" srcset=\"https:\/\/bv-doelitz-online.de\/wp-content\/uploads\/2024\/08\/Balnciergeraet3.jpg 952w, https:\/\/bv-doelitz-online.de\/wp-content\/uploads\/2024\/08\/Balnciergeraet3-300x95.jpg 300w, https:\/\/bv-doelitz-online.de\/wp-content\/uploads\/2024\/08\/Balnciergeraet3-768x242.jpg 768w\" sizes=\"(max-width: 952px) 100vw, 952px\" \/><\/figure>\n\n\n\n<p> Einweihung des idyllischen M\u00fchlenblicks, zug\u00e4nglich von der Torhausseite: <img decoding=\"async\" width=\"300\" height=\"225\" class=\"alignnone size-medium wp-image-777\" style=\"color: initial;\" src=\"http:\/\/bv-doelitz-online.de\/wp-content\/uploads\/2023\/11\/IMG_20231111_153914_resized_20231112_011004074-300x225.jpg\" alt=\"\" srcset=\"https:\/\/bv-doelitz-online.de\/wp-content\/uploads\/2023\/11\/IMG_20231111_153914_resized_20231112_011004074-300x225.jpg 300w, https:\/\/bv-doelitz-online.de\/wp-content\/uploads\/2023\/11\/IMG_20231111_153914_resized_20231112_011004074-768x576.jpg 768w, https:\/\/bv-doelitz-online.de\/wp-content\/uploads\/2023\/11\/IMG_20231111_153914_resized_20231112_011004074.jpg 1000w\" sizes=\"(max-width: 300px) 100vw, 300px\" \/> <img decoding=\"async\" width=\"300\" height=\"225\" class=\"alignnone size-medium wp-image-776\" style=\"color: initial;\" src=\"http:\/\/bv-doelitz-online.de\/wp-content\/uploads\/2023\/11\/IMG_20231111_153905_resized_20231112_011004399-300x225.jpg\" alt=\"\" srcset=\"https:\/\/bv-doelitz-online.de\/wp-content\/uploads\/2023\/11\/IMG_20231111_153905_resized_20231112_011004399-300x225.jpg 300w, https:\/\/bv-doelitz-online.de\/wp-content\/uploads\/2023\/11\/IMG_20231111_153905_resized_20231112_011004399-768x576.jpg 768w, https:\/\/bv-doelitz-online.de\/wp-content\/uploads\/2023\/11\/IMG_20231111_153905_resized_20231112_011004399.jpg 1000w\" sizes=\"(max-width: 300px) 100vw, 300px\" \/><\/p>\n\n\n\n<p>&#8212;&#8212;&#8212;&#8212;&#8212;&#8212;&#8212;&#8212;&#8212;&#8212;&#8212;&#8212;&#8212;&#8212;&#8212;&#8212;&#8212;&#8212;&#8212;&#8212;&#8212;&#8212;&#8212;&#8212;&#8212;&#8212;&#8212;&#8212;&#8212;&#8212;&#8212;&#8212;&#8212;&#8212;&#8212;&#8212;&#8212;&#8212;<\/p>\n\n\n\n<h1 class=\"wp-block-heading\"><span style=\"font-family: Arial; font-size: large;\">Wir wollen&nbsp; in den n\u00e4chsten Jahren unsere Vereinsarbeit kontinuierlich fortsetzen. Dazu z\u00e4hlt:&nbsp;<\/span><\/h1>\n\n\n\n<p><ul><li>Information und Mitsprache bei Themen zur Infrastruktur in D\u00f6litz einschlie\u00dflich des agra- Ausstellungsgel\u00e4ndes und \u00a0des agra-Parkes, gepr\u00e4gt von der sachlichen Zusammenarbeit mit den zust\u00e4ndigen st\u00e4dtischen \u00c4mtern (ASG, VTA, Kulturamt etc.)<\/li><br><li>Mitsprache bei verkehrstechnischen L\u00f6sungen im Ortsteil, spez. Ert\u00fcchtigung des Goethesteigs<\/li><br><li>Teilnahme an den Ortsteil betreffenden Beratungen des Stadtbezirksbeirats Leipzig S\u00fcd und des Stadtrates<\/li><br><li>begleitende Betreuung des Erlebnisraumes f\u00fcr Kinder \u201eD\u00f6litzer KinderReich\u201c<\/li><br><li>Einwerben von F\u00f6rdermitteln f\u00fcr die Erneuerung\/Erweiterung des von uns betreutenWaldspielplatzes \u201eKinderReich\u201c durch Kletterspielelemente<\/li><br><li>Unterst\u00fctzung f\u00fcr den Erhalt D\u00f6litzer Denkm\u00e4ler (Wasserm\u00fchle)<\/li><br><li>Unterst\u00fctzung der Forderung der anliegenden Schulen und der Bev\u00f6lkerung f\u00fcr den Bau einer Schwimmhalle auf dem Gel\u00e4nde des Heizkraftwerks L\u00f6\u00dfnig<\/li><br><li>Historische F\u00fchrungen durch D\u00f6litz durch Vereinsmitglieder<\/li><br><li>Pr\u00e4sentation des Vereins bei \u00f6ffentlichen Veranstaltungen wie dem M\u00fchlentag und dem Torhausfest (Information \u00fcber unsere Arbeit, Werbung neuer Mitglieder)<\/li><br><li>Anlaufpunkt f\u00fcr Probleme der Anwohner,<\/li><br><li>Organisation von Informationsveranstaltungen<\/li><br><li>Beteiligung an der Leipziger Aktion \u201eFr\u00fchjahrsputz\u201c und \u201egemeinsamer Gartentag der St\u00e4dte Leipzig und Markkleeberg\u201c<\/li><br><li>Gemeinsam mit dem Verein Jahrfeier 1813 Gestaltung einer Schule 1800<\/li><br><li>Zusammenarbeit und ggf. gemeinsame Veranstaltungen mit weiteren Vereinen und Akteuren, die ebenfalls in D\u00f6litz oder angrenzend aktiv sind (Gr\u00fcn-Alternatives Zentrum e.V., Initiative PRO -Agra, Verein Jahrfeier V\u00f6lkerschlacht 1813, im Ortsteil befindliche Schulen und Kitas, Verein zur Reha von Alkoholabh\u00e4ngigen, Zinnfigurenmuseum, Walddorfschule etc.), spez. Mitgestaltung des Torhausfests 2024<\/li><br><li>Fortf\u00fchrung der traditionellen \u201eD\u00f6litzer Abende\u201c mit aktuellen und historischen oder umweltbezogenen Themen als kostenloses Angebot \u00a0 \u00a0f\u00fcr alle Interessierten &#8211; haupts\u00e4chlich mit Bezug zu unserem Ortsteil<\/li><br><\/ul><br><p><strong>\u00a0<\/strong><\/p><br><p><strong>\u00a0<\/strong><\/p><br><p><strong>\u00a0<\/strong><\/p><br><p><strong>\u00a0<\/strong><\/p><br><\/p>\n","protected":false},"excerpt":{"rendered":"<p>Herzlich willkommen auf der Seite des&nbsp; B\u00fcrgerverein D\u00f6litz e.V . Im April 2004 haben wir unseren B\u00fcrgerverein gegr\u00fcndet. Inzwischen sind&nbsp;32 D\u00f6litzer\/innen und Sympathisanten dabei. Erfreulich&nbsp;ist die Mischung von alt eingesessenen und neu zugezogenen&nbsp;&nbsp;Familien. Wir sind anerkannter Tr\u00e4ger \u00f6ffentlicher Belange. Mitglied kann jede\/r&nbsp;werden. Wir laden alle herzlich dazu ein, die sich mit uns engagieren wollen. Der<\/p>\n<div class=\"more-link\">\n\t\t\t\t <a href=\"https:\/\/bv-doelitz-online.de\/\" class=\"link-btn theme-btn\"><span>Weiterlesen <\/span> <i class=\"fa fa-caret-right\"><\/i><\/a>\n\t\t\t<\/div>\n","protected":false},"author":1,"featured_media":873,"parent":0,"menu_order":0,"comment_status":"closed","ping_status":"closed","template":"","meta":{"footnotes":""},"class_list":["post-15","page","type-page","status-publish","has-post-thumbnail","hentry"],"_links":{"self":[{"href":"https:\/\/bv-doelitz-online.de\/index.php?rest_route=\/wp\/v2\/pages\/15","targetHints":{"allow":["GET"]}}],"collection":[{"href":"https:\/\/bv-doelitz-online.de\/index.php?rest_route=\/wp\/v2\/pages"}],"about":[{"href":"https:\/\/bv-doelitz-online.de\/index.php?rest_route=\/wp\/v2\/types\/page"}],"author":[{"embeddable":true,"href":"https:\/\/bv-doelitz-online.de\/index.php?rest_route=\/wp\/v2\/users\/1"}],"replies":[{"embeddable":true,"href":"https:\/\/bv-doelitz-online.de\/index.php?rest_route=%2Fwp%2Fv2%2Fcomments&post=15"}],"version-history":[{"count":30,"href":"https:\/\/bv-doelitz-online.de\/index.php?rest_route=\/wp\/v2\/pages\/15\/revisions"}],"predecessor-version":[{"id":904,"href":"https:\/\/bv-doelitz-online.de\/index.php?rest_route=\/wp\/v2\/pages\/15\/revisions\/904"}],"wp:featuredmedia":[{"embeddable":true,"href":"https:\/\/bv-doelitz-online.de\/index.php?rest_route=\/wp\/v2\/media\/873"}],"wp:attachment":[{"href":"https:\/\/bv-doelitz-online.de\/index.php?rest_route=%2Fwp%2Fv2%2Fmedia&parent=15"}],"curies":[{"name":"wp","href":"https:\/\/api.w.org\/{rel}","templated":true}]}}